{"id":60,"date":"2025-07-18T21:21:31","date_gmt":"2025-07-18T21:21:31","guid":{"rendered":"http:\/\/quimicosjade.com.mx\/?page_id=60"},"modified":"2025-08-05T21:43:14","modified_gmt":"2025-08-05T21:43:14","slug":"sales-p-pavonar","status":"publish","type":"page","link":"https:\/\/quimicosjade.com.mx\/?page_id=60","title":{"rendered":"Sales p\/ Pavonar"},"content":{"rendered":"\t\t<div data-elementor-type=\"wp-page\" data-elementor-id=\"60\" class=\"elementor elementor-60\">\n\t\t\t\t<div class=\"elementor-element elementor-element-b214efe e-flex e-con-boxed e-con e-parent\" data-id=\"b214efe\" data-element_type=\"container\">\n\t\t\t\t\t<div class=\"e-con-inner\">\n\t\t\t\t<div class=\"elementor-element elementor-element-45f7b98 elementor-widget__width-initial elementor-widget elementor-widget-image\" data-id=\"45f7b98\" data-element_type=\"widget\" data-widget_type=\"image.default\">\n\t\t\t\t\t\t\t\t\t\t\t\t\t\t\t<img fetchpriority=\"high\" decoding=\"async\" width=\"1024\" height=\"683\" src=\"https:\/\/quimicosjade.com.mx\/wp-content\/uploads\/2025\/08\/3D1BB330-628F-4910-A800-16DD88D13FF8-1024x683.png\" class=\"attachment-large size-large wp-image-156\" alt=\"\" srcset=\"https:\/\/quimicosjade.com.mx\/wp-content\/uploads\/2025\/08\/3D1BB330-628F-4910-A800-16DD88D13FF8-1024x683.png 1024w, https:\/\/quimicosjade.com.mx\/wp-content\/uploads\/2025\/08\/3D1BB330-628F-4910-A800-16DD88D13FF8-300x200.png 300w, https:\/\/quimicosjade.com.mx\/wp-content\/uploads\/2025\/08\/3D1BB330-628F-4910-A800-16DD88D13FF8-768x512.png 768w, https:\/\/quimicosjade.com.mx\/wp-content\/uploads\/2025\/08\/3D1BB330-628F-4910-A800-16DD88D13FF8.png 1536w\" sizes=\"(max-width: 1024px) 100vw, 1024px\" \/>\t\t\t\t\t\t\t\t\t\t\t\t\t\t\t<\/div>\n\t\t\t\t\t<\/div>\n\t\t\t\t<\/div>\n\t\t<div class=\"elementor-element elementor-element-88094cf e-flex e-con-boxed e-con e-parent\" data-id=\"88094cf\" data-element_type=\"container\">\n\t\t\t\t\t<div class=\"e-con-inner\">\n\t\t\t\t<div class=\"elementor-element elementor-element-364259f elementor-widget elementor-widget-heading\" data-id=\"364259f\" data-element_type=\"widget\" data-widget_type=\"heading.default\">\n\t\t\t\t\t<h2 class=\"elementor-heading-title elementor-size-default\">Sales para pavonado industrial<\/h2>\t\t\t\t<\/div>\n\t\t\t\t\t<\/div>\n\t\t\t\t<\/div>\n\t\t<div class=\"elementor-element elementor-element-b761e21 e-flex e-con-boxed e-con e-parent\" data-id=\"b761e21\" data-element_type=\"container\">\n\t\t\t\t\t<div class=\"e-con-inner\">\n\t\t\t\t<div class=\"elementor-element elementor-element-1f95b33 elementor-widget elementor-widget-text-editor\" data-id=\"1f95b33\" data-element_type=\"widget\" data-widget_type=\"text-editor.default\">\n\t\t\t\t\t\t\t\t\t<p>Nuestras sales para pavonado est\u00e1n dise\u00f1adas para brindar un acabado negro uniforme y una protecci\u00f3n anticorrosiva duradera en piezas met\u00e1licas. Son ideales para herrer\u00edas, talleres de maquinado y procesos industriales que buscan mejorar la est\u00e9tica y resistencia de sus componentes.<\/p><p>Con una formulaci\u00f3n estable y f\u00e1cil de aplicar, nuestras sales permiten obtener resultados consistentes, reduciendo el desgaste y la oxidaci\u00f3n de las piezas.<\/p>\t\t\t\t\t\t\t\t<\/div>\n\t\t\t\t\t<\/div>\n\t\t\t\t<\/div>\n\t\t<div class=\"elementor-element elementor-element-6b7ed75 e-flex e-con-boxed e-con e-parent\" data-id=\"6b7ed75\" data-element_type=\"container\">\n\t\t\t\t\t<div class=\"e-con-inner\">\n\t\t\t\t<div class=\"elementor-element elementor-element-5ba24b6 elementor-widget elementor-widget-heading\" data-id=\"5ba24b6\" data-element_type=\"widget\" data-widget_type=\"heading.default\">\n\t\t\t\t\t<h2 class=\"elementor-heading-title elementor-size-default\">Usos comunes<\/h2>\t\t\t\t<\/div>\n\t\t\t\t\t<\/div>\n\t\t\t\t<\/div>\n\t\t<div class=\"elementor-element elementor-element-c524c7e e-flex e-con-boxed e-con e-parent\" data-id=\"c524c7e\" data-element_type=\"container\">\n\t\t\t\t\t<div class=\"e-con-inner\">\n\t\t\t\t<div class=\"elementor-element elementor-element-d61ce09 elementor-widget elementor-widget-text-editor\" data-id=\"d61ce09\" data-element_type=\"widget\" data-widget_type=\"text-editor.default\">\n\t\t\t\t\t\t\t\t\t<ul><li>Pavonado de herramientas, piezas y componentes met\u00e1licos.<\/li><li>Acabado decorativo y protector para herrer\u00edas y proyectos de metal.<\/li><li>Procesos de mantenimiento y restauraci\u00f3n de piezas met\u00e1licas.<\/li><\/ul>\t\t\t\t\t\t\t\t<\/div>\n\t\t\t\t\t<\/div>\n\t\t\t\t<\/div>\n\t\t<div class=\"elementor-element elementor-element-7e4de6d e-flex e-con-boxed e-con e-parent\" data-id=\"7e4de6d\" data-element_type=\"container\">\n\t\t\t\t\t<div class=\"e-con-inner\">\n\t\t\t\t<div class=\"elementor-element elementor-element-d4685af elementor-widget elementor-widget-heading\" data-id=\"d4685af\" data-element_type=\"widget\" data-widget_type=\"heading.default\">\n\t\t\t\t\t<h2 class=\"elementor-heading-title elementor-size-default\">Aplicaciones en la industria:<\/h2>\t\t\t\t<\/div>\n\t\t\t\t\t<\/div>\n\t\t\t\t<\/div>\n\t\t<div class=\"elementor-element elementor-element-6f6fa38 e-flex e-con-boxed e-con e-parent\" data-id=\"6f6fa38\" data-element_type=\"container\">\n\t\t\t\t\t<div class=\"e-con-inner\">\n\t\t\t\t<div class=\"elementor-element elementor-element-ae80682 elementor-widget elementor-widget-text-editor\" data-id=\"ae80682\" data-element_type=\"widget\" data-widget_type=\"text-editor.default\">\n\t\t\t\t\t\t\t\t\t<ul><li>Herrerias y talleres de maquinado que buscan acabados esteticos y funcionales.<\/li><li>Fabricacion de componentes para maquinaria y piezas de precision.<\/li><li>Proteccion de piezas metalicas expuestas a ambientes con humedad.<\/li><\/ul>\t\t\t\t\t\t\t\t<\/div>\n\t\t\t\t\t<\/div>\n\t\t\t\t<\/div>\n\t\t<div class=\"elementor-element elementor-element-f01aa79 e-flex e-con-boxed e-con e-parent\" data-id=\"f01aa79\" data-element_type=\"container\">\n\t\t\t\t\t<div class=\"e-con-inner\">\n\t\t\t\t<div class=\"elementor-element elementor-element-f555559 elementor-widget elementor-widget-text-editor\" data-id=\"f555559\" data-element_type=\"widget\" data-widget_type=\"text-editor.default\">\n\t\t\t\t\t\t\t\t\t<p>Si requiere mas informaci\u00f3n <a href=\"http:\/\/quimicosjade.com.mx\/?page_id=15\">contacte<\/a> a nuestros asesores para mas informaci\u00f3n o cotizaci\u00f3n.<\/p>\t\t\t\t\t\t\t\t<\/div>\n\t\t\t\t\t<\/div>\n\t\t\t\t<\/div>\n\t\t\t\t<\/div>\n\t\t","protected":false},"excerpt":{"rendered":"<p>Sales para pavonado industrial Nuestras sales para pavonado est\u00e1n dise\u00f1adas para brindar un acabado negro uniforme y una protecci\u00f3n anticorrosiva [&hellip;]<\/p>\n","protected":false},"author":1,"featured_media":0,"parent":0,"menu_order":0,"comment_status":"closed","ping_status":"closed","template":"","meta":{"site-sidebar-layout":"no-sidebar","site-content-layout":"","ast-site-content-layout":"full-width-container","site-content-style":"default","site-sidebar-style":"default","ast-global-header-display":"","ast-banner-title-visibility":"","ast-main-header-display":"","ast-hfb-above-header-display":"","ast-hfb-below-header-display":"","ast-hfb-mobile-header-display":"","site-post-title":"disabled","ast-breadcrumbs-content":"","ast-featured-img":"disabled","footer-sml-layout":"","theme-transparent-header-meta":"","adv-header-id-meta":"","stick-header-meta":"","header-above-stick-meta":"","header-main-stick-meta":"","header-below-stick-meta":"","astra-migrate-meta-layouts":"default","ast-page-background-enabled":"default","ast-page-background-meta":{"desktop":{"background-color":"var(--ast-global-color-5)","background-image":"","background-repeat":"repeat","background-position":"center center","background-size":"auto","background-attachment":"scroll","background-type":"","background-media":"","overlay-type":"","overlay-color":"","overlay-opacity":"","overlay-gradient":""},"tablet":{"background-color":"","background-image":"","background-repeat":"repeat","background-position":"center center","background-size":"auto","background-attachment":"scroll","background-type":"","background-media":"","overlay-type":"","overlay-color":"","overlay-opacity":"","overlay-gradient":""},"mobile":{"background-color":"","background-image":"","background-repeat":"repeat","background-position":"center center","background-size":"auto","background-attachment":"scroll","background-type":"","background-media":"","overlay-type":"","overlay-color":"","overlay-opacity":"","overlay-gradient":""}},"ast-content-background-meta":{"desktop":{"background-color":"var(--ast-global-color-4)","background-image":"","background-repeat":"repeat","background-position":"center center","background-size":"auto","background-attachment":"scroll","background-type":"","background-media":"","overlay-type":"","overlay-color":"","overlay-opacity":"","overlay-gradient":""},"tablet":{"background-color":"var(--ast-global-color-4)","background-image":"","background-repeat":"repeat","background-position":"center center","background-size":"auto","background-attachment":"scroll","background-type":"","background-media":"","overlay-type":"","overlay-color":"","overlay-opacity":"","overlay-gradient":""},"mobile":{"background-color":"var(--ast-global-color-4)","background-image":"","background-repeat":"repeat","background-position":"center center","background-size":"auto","background-attachment":"scroll","background-type":"","background-media":"","overlay-type":"","overlay-color":"","overlay-opacity":"","overlay-gradient":""}},"footnotes":""},"class_list":["post-60","page","type-page","status-publish","hentry"],"_links":{"self":[{"href":"https:\/\/quimicosjade.com.mx\/index.php?rest_route=\/wp\/v2\/pages\/60","targetHints":{"allow":["GET"]}}],"collection":[{"href":"https:\/\/quimicosjade.com.mx\/index.php?rest_route=\/wp\/v2\/pages"}],"about":[{"href":"https:\/\/quimicosjade.com.mx\/index.php?rest_route=\/wp\/v2\/types\/page"}],"author":[{"embeddable":true,"href":"https:\/\/quimicosjade.com.mx\/index.php?rest_route=\/wp\/v2\/users\/1"}],"replies":[{"embeddable":true,"href":"https:\/\/quimicosjade.com.mx\/index.php?rest_route=%2Fwp%2Fv2%2Fcomments&post=60"}],"version-history":[{"count":4,"href":"https:\/\/quimicosjade.com.mx\/index.php?rest_route=\/wp\/v2\/pages\/60\/revisions"}],"predecessor-version":[{"id":159,"href":"https:\/\/quimicosjade.com.mx\/index.php?rest_route=\/wp\/v2\/pages\/60\/revisions\/159"}],"wp:attachment":[{"href":"https:\/\/quimicosjade.com.mx\/index.php?rest_route=%2Fwp%2Fv2%2Fmedia&parent=60"}],"curies":[{"name":"wp","href":"https:\/\/api.w.org\/{rel}","templated":true}]}}