{"id":56,"date":"2025-07-18T21:20:40","date_gmt":"2025-07-18T21:20:40","guid":{"rendered":"http:\/\/quimicosjade.com.mx\/?page_id=56"},"modified":"2025-08-29T16:46:42","modified_gmt":"2025-08-29T16:46:42","slug":"desengrasantes","status":"publish","type":"page","link":"https:\/\/quimicosjade.com.mx\/?page_id=56","title":{"rendered":"Desengrasantes"},"content":{"rendered":"\t\t<div data-elementor-type=\"wp-page\" data-elementor-id=\"56\" class=\"elementor elementor-56\">\n\t\t\t\t<div class=\"elementor-element elementor-element-acdcad7 e-flex e-con-boxed e-con e-parent\" data-id=\"acdcad7\" data-element_type=\"container\">\n\t\t\t\t\t<div class=\"e-con-inner\">\n\t\t\t\t<div class=\"elementor-element elementor-element-f50f749 elementor-widget__width-initial elementor-widget elementor-widget-image\" data-id=\"f50f749\" data-element_type=\"widget\" data-widget_type=\"image.default\">\n\t\t\t\t\t\t\t\t\t\t\t\t\t\t\t<img fetchpriority=\"high\" decoding=\"async\" width=\"1024\" height=\"1024\" src=\"https:\/\/quimicosjade.com.mx\/wp-content\/uploads\/2025\/08\/F6DCF6D2-6308-44B1-874C-15C816405103.png\" class=\"attachment-large size-large wp-image-176\" alt=\"\" srcset=\"https:\/\/quimicosjade.com.mx\/wp-content\/uploads\/2025\/08\/F6DCF6D2-6308-44B1-874C-15C816405103.png 1024w, https:\/\/quimicosjade.com.mx\/wp-content\/uploads\/2025\/08\/F6DCF6D2-6308-44B1-874C-15C816405103-300x300.png 300w, https:\/\/quimicosjade.com.mx\/wp-content\/uploads\/2025\/08\/F6DCF6D2-6308-44B1-874C-15C816405103-150x150.png 150w, https:\/\/quimicosjade.com.mx\/wp-content\/uploads\/2025\/08\/F6DCF6D2-6308-44B1-874C-15C816405103-768x768.png 768w\" sizes=\"(max-width: 1024px) 100vw, 1024px\" \/>\t\t\t\t\t\t\t\t\t\t\t\t\t\t\t<\/div>\n\t\t\t\t\t<\/div>\n\t\t\t\t<\/div>\n\t\t<div class=\"elementor-element elementor-element-e805576 e-flex e-con-boxed e-con e-parent\" data-id=\"e805576\" data-element_type=\"container\">\n\t\t\t\t\t<div class=\"e-con-inner\">\n\t\t\t\t<div class=\"elementor-element elementor-element-c4905bb elementor-widget elementor-widget-heading\" data-id=\"c4905bb\" data-element_type=\"widget\" data-widget_type=\"heading.default\">\n\t\t\t\t\t<h2 class=\"elementor-heading-title elementor-size-default\">Desengrasantes industriales<\/h2>\t\t\t\t<\/div>\n\t\t\t\t\t<\/div>\n\t\t\t\t<\/div>\n\t\t<div class=\"elementor-element elementor-element-f1622fb e-flex e-con-boxed e-con e-parent\" data-id=\"f1622fb\" data-element_type=\"container\">\n\t\t\t\t\t<div class=\"e-con-inner\">\n\t\t\t\t<div class=\"elementor-element elementor-element-ebd41bb elementor-widget elementor-widget-text-editor\" data-id=\"ebd41bb\" data-element_type=\"widget\" data-widget_type=\"text-editor.default\">\n\t\t\t\t\t\t\t\t\t<p>En nuestra l\u00ednea de productos qu\u00edmicos, desarrollamos desengrasantes industriales especializados para distintos procesos y niveles de suciedad. Ofrecemos soluciones base solvente, alcalinas y solubles en agua, todas formuladas con tensoactivos e inhibidores de corrosi\u00f3n para lograr una limpieza profunda sin da\u00f1ar las piezas.<\/p><p>Ya sea en procesos automotrices, metalmec\u00e1nicos o de mantenimiento general, nuestros productos est\u00e1n dise\u00f1ados para ofrecer mayor penetraci\u00f3n, larga vida \u00fatil y compatibilidad con lavadoras industriales, limpieza manual o sistemas autom\u00e1ticos.<\/p>\t\t\t\t\t\t\t\t<\/div>\n\t\t\t\t\t<\/div>\n\t\t\t\t<\/div>\n\t\t<div class=\"elementor-element elementor-element-eba263e e-flex e-con-boxed e-con e-parent\" data-id=\"eba263e\" data-element_type=\"container\">\n\t\t\t\t\t<div class=\"e-con-inner\">\n\t\t\t\t<div class=\"elementor-element elementor-element-1d5c8c3 elementor-widget elementor-widget-heading\" data-id=\"1d5c8c3\" data-element_type=\"widget\" data-widget_type=\"heading.default\">\n\t\t\t\t\t<h2 class=\"elementor-heading-title elementor-size-default\">Aplicaciones comunes<\/h2>\t\t\t\t<\/div>\n\t\t\t\t\t<\/div>\n\t\t\t\t<\/div>\n\t\t<div class=\"elementor-element elementor-element-19ad43d e-flex e-con-boxed e-con e-parent\" data-id=\"19ad43d\" data-element_type=\"container\">\n\t\t\t\t\t<div class=\"e-con-inner\">\n\t\t\t\t<div class=\"elementor-element elementor-element-364e606 elementor-widget elementor-widget-text-editor\" data-id=\"364e606\" data-element_type=\"widget\" data-widget_type=\"text-editor.default\">\n\t\t\t\t\t\t\t\t\t<ul><li>Lavado de piezas met\u00e1licas en l\u00ednea o por inmersi\u00f3n.<\/li><li>Limpieza de maquinaria industrial.<\/li><li>Pisos de talleres, fabricas y \u00e1reas con grasa acumulada.<\/li><li>Lavadoras autom\u00e1ticas con o sin temperatura.<\/li><li>Eliminaci\u00f3n de residuos de aceites, lubricantes, solubles o refrigerantes.<\/li><li>Mantenimiento preventivo en \u00e1reas de producci\u00f3n.<\/li><li>Lavado de motores<\/li><\/ul>\t\t\t\t\t\t\t\t<\/div>\n\t\t\t\t\t<\/div>\n\t\t\t\t<\/div>\n\t\t<div class=\"elementor-element elementor-element-c4204b7 e-flex e-con-boxed e-con e-parent\" data-id=\"c4204b7\" data-element_type=\"container\">\n\t\t\t\t\t<div class=\"e-con-inner\">\n\t\t\t\t<div class=\"elementor-element elementor-element-08610dd elementor-widget__width-initial elementor-position-top elementor-widget elementor-widget-image-box\" data-id=\"08610dd\" data-element_type=\"widget\" data-widget_type=\"image-box.default\">\n\t\t\t\t\t<div class=\"elementor-image-box-wrapper\"><figure class=\"elementor-image-box-img\"><img decoding=\"async\" width=\"500\" height=\"231\" src=\"https:\/\/quimicosjade.com.mx\/wp-content\/uploads\/2025\/08\/IMG_5880-e1754339984366.jpeg\" class=\"attachment-full size-full wp-image-113\" alt=\"\" \/><\/figure><div class=\"elementor-image-box-content\"><h3 class=\"elementor-image-box-title\">Presentaciones en:<\/h3><p class=\"elementor-image-box-description\">19L, 200L y 1000L<\/p><\/div><\/div>\t\t\t\t<\/div>\n\t\t\t\t\t<\/div>\n\t\t\t\t<\/div>\n\t\t<div class=\"elementor-element elementor-element-168c2de e-flex e-con-boxed e-con e-parent\" data-id=\"168c2de\" data-element_type=\"container\">\n\t\t\t\t\t<div class=\"e-con-inner\">\n\t\t\t\t<div class=\"elementor-element elementor-element-3af9ce6 elementor-widget elementor-widget-text-editor\" data-id=\"3af9ce6\" data-element_type=\"widget\" data-widget_type=\"text-editor.default\">\n\t\t\t\t\t\t\t\t\t<p>No dudes en <a href=\"http:\/\/quimicosjade.com.mx\/?page_id=15\">contactar<\/a> a nuestro equipo para cotizaciones y asesor\u00eda.<\/p>\t\t\t\t\t\t\t\t<\/div>\n\t\t\t\t\t<\/div>\n\t\t\t\t<\/div>\n\t\t\t\t<\/div>\n\t\t","protected":false},"excerpt":{"rendered":"<p>Desengrasantes industriales En nuestra l\u00ednea de productos qu\u00edmicos, desarrollamos desengrasantes industriales especializados para distintos procesos y niveles de suciedad. Ofrecemos [&hellip;]<\/p>\n","protected":false},"author":1,"featured_media":0,"parent":0,"menu_order":0,"comment_status":"closed","ping_status":"closed","template":"","meta":{"site-sidebar-layout":"no-sidebar","site-content-layout":"","ast-site-content-layout":"full-width-container","site-content-style":"default","site-sidebar-style":"default","ast-global-header-display":"","ast-banner-title-visibility":"","ast-main-header-display":"","ast-hfb-above-header-display":"","ast-hfb-below-header-display":"","ast-hfb-mobile-header-display":"","site-post-title":"disabled","ast-breadcrumbs-content":"","ast-featured-img":"disabled","footer-sml-layout":"","theme-transparent-header-meta":"","adv-header-id-meta":"","stick-header-meta":"","header-above-stick-meta":"","header-main-stick-meta":"","header-below-stick-meta":"","astra-migrate-meta-layouts":"default","ast-page-background-enabled":"default","ast-page-background-meta":{"desktop":{"background-color":"var(--ast-global-color-5)","background-image":"","background-repeat":"repeat","background-position":"center center","background-size":"auto","background-attachment":"scroll","background-type":"","background-media":"","overlay-type":"","overlay-color":"","overlay-opacity":"","overlay-gradient":""},"tablet":{"background-color":"","background-image":"","background-repeat":"repeat","background-position":"center center","background-size":"auto","background-attachment":"scroll","background-type":"","background-media":"","overlay-type":"","overlay-color":"","overlay-opacity":"","overlay-gradient":""},"mobile":{"background-color":"","background-image":"","background-repeat":"repeat","background-position":"center center","background-size":"auto","background-attachment":"scroll","background-type":"","background-media":"","overlay-type":"","overlay-color":"","overlay-opacity":"","overlay-gradient":""}},"ast-content-background-meta":{"desktop":{"background-color":"var(--ast-global-color-4)","background-image":"","background-repeat":"repeat","background-position":"center center","background-size":"auto","background-attachment":"scroll","background-type":"","background-media":"","overlay-type":"","overlay-color":"","overlay-opacity":"","overlay-gradient":""},"tablet":{"background-color":"var(--ast-global-color-4)","background-image":"","background-repeat":"repeat","background-position":"center center","background-size":"auto","background-attachment":"scroll","background-type":"","background-media":"","overlay-type":"","overlay-color":"","overlay-opacity":"","overlay-gradient":""},"mobile":{"background-color":"var(--ast-global-color-4)","background-image":"","background-repeat":"repeat","background-position":"center center","background-size":"auto","background-attachment":"scroll","background-type":"","background-media":"","overlay-type":"","overlay-color":"","overlay-opacity":"","overlay-gradient":""}},"footnotes":""},"class_list":["post-56","page","type-page","status-publish","hentry"],"_links":{"self":[{"href":"https:\/\/quimicosjade.com.mx\/index.php?rest_route=\/wp\/v2\/pages\/56","targetHints":{"allow":["GET"]}}],"collection":[{"href":"https:\/\/quimicosjade.com.mx\/index.php?rest_route=\/wp\/v2\/pages"}],"about":[{"href":"https:\/\/quimicosjade.com.mx\/index.php?rest_route=\/wp\/v2\/types\/page"}],"author":[{"embeddable":true,"href":"https:\/\/quimicosjade.com.mx\/index.php?rest_route=\/wp\/v2\/users\/1"}],"replies":[{"embeddable":true,"href":"https:\/\/quimicosjade.com.mx\/index.php?rest_route=%2Fwp%2Fv2%2Fcomments&post=56"}],"version-history":[{"count":7,"href":"https:\/\/quimicosjade.com.mx\/index.php?rest_route=\/wp\/v2\/pages\/56\/revisions"}],"predecessor-version":[{"id":198,"href":"https:\/\/quimicosjade.com.mx\/index.php?rest_route=\/wp\/v2\/pages\/56\/revisions\/198"}],"wp:attachment":[{"href":"https:\/\/quimicosjade.com.mx\/index.php?rest_route=%2Fwp%2Fv2%2Fmedia&parent=56"}],"curies":[{"name":"wp","href":"https:\/\/api.w.org\/{rel}","templated":true}]}}