{"id":54,"date":"2025-07-18T21:20:23","date_gmt":"2025-07-18T21:20:23","guid":{"rendered":"http:\/\/quimicosjade.com.mx\/?page_id=54"},"modified":"2025-08-29T16:52:25","modified_gmt":"2025-08-29T16:52:25","slug":"inhibidores-de-corrosion","status":"publish","type":"page","link":"https:\/\/quimicosjade.com.mx\/?page_id=54","title":{"rendered":"Inhibidores de Corrosi\u00f3n"},"content":{"rendered":"\t\t<div data-elementor-type=\"wp-page\" data-elementor-id=\"54\" class=\"elementor elementor-54\">\n\t\t\t\t<div class=\"elementor-element elementor-element-6ff4c72 e-flex e-con-boxed e-con e-parent\" data-id=\"6ff4c72\" data-element_type=\"container\">\n\t\t\t\t\t<div class=\"e-con-inner\">\n\t\t\t\t<div class=\"elementor-element elementor-element-c5c6ee0 elementor-widget__width-initial elementor-widget elementor-widget-image\" data-id=\"c5c6ee0\" data-element_type=\"widget\" data-widget_type=\"image.default\">\n\t\t\t\t\t\t\t\t\t\t\t\t\t\t\t<img fetchpriority=\"high\" decoding=\"async\" width=\"1024\" height=\"1024\" src=\"https:\/\/quimicosjade.com.mx\/wp-content\/uploads\/2025\/08\/91084766-3479-421A-97C5-B81EDA6D370C.png\" class=\"attachment-large size-large wp-image-171\" alt=\"\" srcset=\"https:\/\/quimicosjade.com.mx\/wp-content\/uploads\/2025\/08\/91084766-3479-421A-97C5-B81EDA6D370C.png 1024w, https:\/\/quimicosjade.com.mx\/wp-content\/uploads\/2025\/08\/91084766-3479-421A-97C5-B81EDA6D370C-300x300.png 300w, https:\/\/quimicosjade.com.mx\/wp-content\/uploads\/2025\/08\/91084766-3479-421A-97C5-B81EDA6D370C-150x150.png 150w, https:\/\/quimicosjade.com.mx\/wp-content\/uploads\/2025\/08\/91084766-3479-421A-97C5-B81EDA6D370C-768x768.png 768w\" sizes=\"(max-width: 1024px) 100vw, 1024px\" \/>\t\t\t\t\t\t\t\t\t\t\t\t\t\t\t<\/div>\n\t\t\t\t\t<\/div>\n\t\t\t\t<\/div>\n\t\t<div class=\"elementor-element elementor-element-ca5048c e-flex e-con-boxed e-con e-parent\" data-id=\"ca5048c\" data-element_type=\"container\">\n\t\t\t\t\t<div class=\"e-con-inner\">\n\t\t\t\t<div class=\"elementor-element elementor-element-ac0dd14 elementor-widget elementor-widget-heading\" data-id=\"ac0dd14\" data-element_type=\"widget\" data-widget_type=\"heading.default\">\n\t\t\t\t\t<h2 class=\"elementor-heading-title elementor-size-default\">Inhibidores de corrosi\u00f3n<\/h2>\t\t\t\t<\/div>\n\t\t\t\t\t<\/div>\n\t\t\t\t<\/div>\n\t\t<div class=\"elementor-element elementor-element-2ca3f49 e-flex e-con-boxed e-con e-parent\" data-id=\"2ca3f49\" data-element_type=\"container\">\n\t\t\t\t\t<div class=\"e-con-inner\">\n\t\t\t\t<div class=\"elementor-element elementor-element-e1bdd6c elementor-widget elementor-widget-text-editor\" data-id=\"e1bdd6c\" data-element_type=\"widget\" data-widget_type=\"text-editor.default\">\n\t\t\t\t\t\t\t\t\t<p>En Productos Qu\u00edmicos Jade formulamos inhibidores de corrosi\u00f3n base agua para proteger las piezas met\u00e1licas reci\u00e9n maquinadas contra la oxidaci\u00f3n inmediata durante sus procesos.<\/p><p>Son ideales para sistemas industriales que requieren evitar residuos solidos, asegurar acabados limpios y facilitar operaciones posteriores como pintado o ensamblado.<\/p>\t\t\t\t\t\t\t\t<\/div>\n\t\t\t\t\t<\/div>\n\t\t\t\t<\/div>\n\t\t<div class=\"elementor-element elementor-element-ced020a e-flex e-con-boxed e-con e-parent\" data-id=\"ced020a\" data-element_type=\"container\">\n\t\t\t\t\t<div class=\"e-con-inner\">\n\t\t\t\t<div class=\"elementor-element elementor-element-300d16f elementor-widget elementor-widget-heading\" data-id=\"300d16f\" data-element_type=\"widget\" data-widget_type=\"heading.default\">\n\t\t\t\t\t<h2 class=\"elementor-heading-title elementor-size-default\">Aplicaciones comunes<\/h2>\t\t\t\t<\/div>\n\t\t\t\t\t<\/div>\n\t\t\t\t<\/div>\n\t\t<div class=\"elementor-element elementor-element-13224fd e-flex e-con-boxed e-con e-parent\" data-id=\"13224fd\" data-element_type=\"container\">\n\t\t\t\t\t<div class=\"e-con-inner\">\n\t\t\t\t<div class=\"elementor-element elementor-element-d2a7e7e elementor-widget elementor-widget-text-editor\" data-id=\"d2a7e7e\" data-element_type=\"widget\" data-widget_type=\"text-editor.default\">\n\t\t\t\t\t\t\t\t\t<ul><li>Enjuague final en lavadoras industriales.<\/li><li>Procesos de limpieza de piezas de aluminio reci\u00e9n maquinadas.<\/li><li>Torres de enfriamiento y sistemas de recirculaci\u00f3n de agua.<\/li><li>Protecci\u00f3n en anticongelantes, solubles o refrigerantes.<\/li><li>Prevenci\u00f3n de corrosi\u00f3n en sistemas hidr\u00e1ulicos con agua.<\/li><\/ul>\t\t\t\t\t\t\t\t<\/div>\n\t\t\t\t\t<\/div>\n\t\t\t\t<\/div>\n\t\t<div class=\"elementor-element elementor-element-0c0d3c3 e-flex e-con-boxed e-con e-parent\" data-id=\"0c0d3c3\" data-element_type=\"container\">\n\t\t\t\t\t<div class=\"e-con-inner\">\n\t\t\t\t<div class=\"elementor-element elementor-element-666b476 elementor-widget__width-initial elementor-position-top elementor-widget elementor-widget-image-box\" data-id=\"666b476\" data-element_type=\"widget\" data-widget_type=\"image-box.default\">\n\t\t\t\t\t<div class=\"elementor-image-box-wrapper\"><figure class=\"elementor-image-box-img\"><img decoding=\"async\" width=\"500\" height=\"231\" src=\"https:\/\/quimicosjade.com.mx\/wp-content\/uploads\/2025\/08\/IMG_5880-e1754339984366.jpeg\" class=\"attachment-full size-full wp-image-113\" alt=\"\" \/><\/figure><div class=\"elementor-image-box-content\"><h3 class=\"elementor-image-box-title\">Presentaciones en:<\/h3><p class=\"elementor-image-box-description\">19L, 200L y 1000L<\/p><\/div><\/div>\t\t\t\t<\/div>\n\t\t\t\t\t<\/div>\n\t\t\t\t<\/div>\n\t\t<div class=\"elementor-element elementor-element-d2b82e2 e-flex e-con-boxed e-con e-parent\" data-id=\"d2b82e2\" data-element_type=\"container\">\n\t\t\t\t\t<div class=\"e-con-inner\">\n\t\t\t\t<div class=\"elementor-element elementor-element-05827a0 elementor-widget elementor-widget-text-editor\" data-id=\"05827a0\" data-element_type=\"widget\" data-widget_type=\"text-editor.default\">\n\t\t\t\t\t\t\t\t\t<p>No dude en <a href=\"http:\/\/quimicosjade.com.mx\/?page_id=15\">contactar<\/a> a nuestros asesores o solicitar una cotizaci\u00f3n.<\/p>\t\t\t\t\t\t\t\t<\/div>\n\t\t\t\t\t<\/div>\n\t\t\t\t<\/div>\n\t\t\t\t<\/div>\n\t\t","protected":false},"excerpt":{"rendered":"<p>Inhibidores de corrosi\u00f3n En Productos Qu\u00edmicos Jade formulamos inhibidores de corrosi\u00f3n base agua para proteger las piezas met\u00e1licas reci\u00e9n maquinadas [&hellip;]<\/p>\n","protected":false},"author":1,"featured_media":0,"parent":0,"menu_order":0,"comment_status":"closed","ping_status":"closed","template":"","meta":{"site-sidebar-layout":"no-sidebar","site-content-layout":"","ast-site-content-layout":"full-width-container","site-content-style":"default","site-sidebar-style":"default","ast-global-header-display":"","ast-banner-title-visibility":"","ast-main-header-display":"","ast-hfb-above-header-display":"","ast-hfb-below-header-display":"","ast-hfb-mobile-header-display":"","site-post-title":"disabled","ast-breadcrumbs-content":"","ast-featured-img":"disabled","footer-sml-layout":"","theme-transparent-header-meta":"","adv-header-id-meta":"","stick-header-meta":"","header-above-stick-meta":"","header-main-stick-meta":"","header-below-stick-meta":"","astra-migrate-meta-layouts":"default","ast-page-background-enabled":"default","ast-page-background-meta":{"desktop":{"background-color":"var(--ast-global-color-5)","background-image":"","background-repeat":"repeat","background-position":"center center","background-size":"auto","background-attachment":"scroll","background-type":"","background-media":"","overlay-type":"","overlay-color":"","overlay-opacity":"","overlay-gradient":""},"tablet":{"background-color":"","background-image":"","background-repeat":"repeat","background-position":"center center","background-size":"auto","background-attachment":"scroll","background-type":"","background-media":"","overlay-type":"","overlay-color":"","overlay-opacity":"","overlay-gradient":""},"mobile":{"background-color":"","background-image":"","background-repeat":"repeat","background-position":"center center","background-size":"auto","background-attachment":"scroll","background-type":"","background-media":"","overlay-type":"","overlay-color":"","overlay-opacity":"","overlay-gradient":""}},"ast-content-background-meta":{"desktop":{"background-color":"var(--ast-global-color-4)","background-image":"","background-repeat":"repeat","background-position":"center center","background-size":"auto","background-attachment":"scroll","background-type":"","background-media":"","overlay-type":"","overlay-color":"","overlay-opacity":"","overlay-gradient":""},"tablet":{"background-color":"var(--ast-global-color-4)","background-image":"","background-repeat":"repeat","background-position":"center center","background-size":"auto","background-attachment":"scroll","background-type":"","background-media":"","overlay-type":"","overlay-color":"","overlay-opacity":"","overlay-gradient":""},"mobile":{"background-color":"var(--ast-global-color-4)","background-image":"","background-repeat":"repeat","background-position":"center center","background-size":"auto","background-attachment":"scroll","background-type":"","background-media":"","overlay-type":"","overlay-color":"","overlay-opacity":"","overlay-gradient":""}},"footnotes":""},"class_list":["post-54","page","type-page","status-publish","hentry"],"_links":{"self":[{"href":"https:\/\/quimicosjade.com.mx\/index.php?rest_route=\/wp\/v2\/pages\/54","targetHints":{"allow":["GET"]}}],"collection":[{"href":"https:\/\/quimicosjade.com.mx\/index.php?rest_route=\/wp\/v2\/pages"}],"about":[{"href":"https:\/\/quimicosjade.com.mx\/index.php?rest_route=\/wp\/v2\/types\/page"}],"author":[{"embeddable":true,"href":"https:\/\/quimicosjade.com.mx\/index.php?rest_route=\/wp\/v2\/users\/1"}],"replies":[{"embeddable":true,"href":"https:\/\/quimicosjade.com.mx\/index.php?rest_route=%2Fwp%2Fv2%2Fcomments&post=54"}],"version-history":[{"count":10,"href":"https:\/\/quimicosjade.com.mx\/index.php?rest_route=\/wp\/v2\/pages\/54\/revisions"}],"predecessor-version":[{"id":210,"href":"https:\/\/quimicosjade.com.mx\/index.php?rest_route=\/wp\/v2\/pages\/54\/revisions\/210"}],"wp:attachment":[{"href":"https:\/\/quimicosjade.com.mx\/index.php?rest_route=%2Fwp%2Fv2%2Fmedia&parent=54"}],"curies":[{"name":"wp","href":"https:\/\/api.w.org\/{rel}","templated":true}]}}