{"id":52,"date":"2025-07-18T21:19:25","date_gmt":"2025-07-18T21:19:25","guid":{"rendered":"http:\/\/quimicosjade.com.mx\/?page_id=52"},"modified":"2025-08-29T17:16:13","modified_gmt":"2025-08-29T17:16:13","slug":"preventivos-de-oxidacion","status":"publish","type":"page","link":"https:\/\/quimicosjade.com.mx\/?page_id=52","title":{"rendered":"Preventivos de oxidaci\u00f3n"},"content":{"rendered":"\t\t<div data-elementor-type=\"wp-page\" data-elementor-id=\"52\" class=\"elementor elementor-52\">\n\t\t\t\t<div class=\"elementor-element elementor-element-b04358e e-flex e-con-boxed e-con e-parent\" data-id=\"b04358e\" data-element_type=\"container\">\n\t\t\t\t\t<div class=\"e-con-inner\">\n\t\t\t\t<div class=\"elementor-element elementor-element-1e79b91 elementor-widget__width-initial elementor-widget elementor-widget-image\" data-id=\"1e79b91\" data-element_type=\"widget\" data-widget_type=\"image.default\">\n\t\t\t\t\t\t\t\t\t\t\t\t\t\t\t<img fetchpriority=\"high\" decoding=\"async\" width=\"1024\" height=\"683\" src=\"https:\/\/quimicosjade.com.mx\/wp-content\/uploads\/2025\/08\/45EAA768-D2A8-4AE5-A20F-A90A2D1CABC3-1024x683.png\" class=\"attachment-large size-large wp-image-161\" alt=\"\" srcset=\"https:\/\/quimicosjade.com.mx\/wp-content\/uploads\/2025\/08\/45EAA768-D2A8-4AE5-A20F-A90A2D1CABC3-1024x683.png 1024w, https:\/\/quimicosjade.com.mx\/wp-content\/uploads\/2025\/08\/45EAA768-D2A8-4AE5-A20F-A90A2D1CABC3-300x200.png 300w, https:\/\/quimicosjade.com.mx\/wp-content\/uploads\/2025\/08\/45EAA768-D2A8-4AE5-A20F-A90A2D1CABC3-768x512.png 768w, https:\/\/quimicosjade.com.mx\/wp-content\/uploads\/2025\/08\/45EAA768-D2A8-4AE5-A20F-A90A2D1CABC3.png 1536w\" sizes=\"(max-width: 1024px) 100vw, 1024px\" \/>\t\t\t\t\t\t\t\t\t\t\t\t\t\t\t<\/div>\n\t\t\t\t\t<\/div>\n\t\t\t\t<\/div>\n\t\t<div class=\"elementor-element elementor-element-c2816ed e-flex e-con-boxed e-con e-parent\" data-id=\"c2816ed\" data-element_type=\"container\">\n\t\t\t\t\t<div class=\"e-con-inner\">\n\t\t\t\t<div class=\"elementor-element elementor-element-aa860ce elementor-widget elementor-widget-heading\" data-id=\"aa860ce\" data-element_type=\"widget\" data-widget_type=\"heading.default\">\n\t\t\t\t\t<h2 class=\"elementor-heading-title elementor-size-default\">Preventivos de oxidaci\u00f3n <\/h2>\t\t\t\t<\/div>\n\t\t\t\t\t<\/div>\n\t\t\t\t<\/div>\n\t\t<div class=\"elementor-element elementor-element-9313bdf e-flex e-con-boxed e-con e-parent\" data-id=\"9313bdf\" data-element_type=\"container\">\n\t\t\t\t\t<div class=\"e-con-inner\">\n\t\t\t\t<div class=\"elementor-element elementor-element-c25d79f elementor-widget elementor-widget-text-editor\" data-id=\"c25d79f\" data-element_type=\"widget\" data-widget_type=\"text-editor.default\">\n\t\t\t\t\t\t\t\t\t<p>Ofrecemos una linea completa de preventivos de oxidaci\u00f3n dise\u00f1ados para proteger piezas met\u00e1licas durante el almacenamiento, transporte y procesos industriales.\u00a0<\/p><p>Gracias a su fina pel\u00edcula aceitosa, estos productos crean una barrera eficaz contra la humedad y agentes corrosivos, siendo ideales para piezas de hierro, acero al carb\u00f3n, acero maleable y diversas aleaciones.<\/p>\t\t\t\t\t\t\t\t<\/div>\n\t\t\t\t\t<\/div>\n\t\t\t\t<\/div>\n\t\t<div class=\"elementor-element elementor-element-d0b5cc3 e-flex e-con-boxed e-con e-parent\" data-id=\"d0b5cc3\" data-element_type=\"container\">\n\t\t\t\t\t<div class=\"e-con-inner\">\n\t\t\t\t<div class=\"elementor-element elementor-element-32a18a4 elementor-widget elementor-widget-heading\" data-id=\"32a18a4\" data-element_type=\"widget\" data-widget_type=\"heading.default\">\n\t\t\t\t\t<h2 class=\"elementor-heading-title elementor-size-default\">Aplicaciones<\/h2>\t\t\t\t<\/div>\n\t\t\t\t\t<\/div>\n\t\t\t\t<\/div>\n\t\t<div class=\"elementor-element elementor-element-7254ef2 e-flex e-con-boxed e-con e-parent\" data-id=\"7254ef2\" data-element_type=\"container\">\n\t\t\t\t\t<div class=\"e-con-inner\">\n\t\t\t\t<div class=\"elementor-element elementor-element-3de6baf elementor-widget elementor-widget-text-editor\" data-id=\"3de6baf\" data-element_type=\"widget\" data-widget_type=\"text-editor.default\">\n\t\t\t\t\t\t\t\t\t<ul><li>Protecci\u00f3n temporal de piezas maquinadas.<\/li><li>Prevenci\u00f3n de oxidaci\u00f3n en herramientas y moldes.<\/li><li>Cuidado de componentes met\u00e1licos durante el transporte y almacenamiento.<\/li><li>Procesos de manufactura donde se requiere protecci\u00f3n anticorrosiva inmediata.<\/li><\/ul>\t\t\t\t\t\t\t\t<\/div>\n\t\t\t\t\t<\/div>\n\t\t\t\t<\/div>\n\t\t<div class=\"elementor-element elementor-element-d0efe9e e-flex e-con-boxed e-con e-parent\" data-id=\"d0efe9e\" data-element_type=\"container\">\n\t\t\t\t\t<div class=\"e-con-inner\">\n\t\t\t\t<div class=\"elementor-element elementor-element-61db0ea elementor-widget__width-initial elementor-position-top elementor-widget elementor-widget-image-box\" data-id=\"61db0ea\" data-element_type=\"widget\" data-widget_type=\"image-box.default\">\n\t\t\t\t\t<div class=\"elementor-image-box-wrapper\"><figure class=\"elementor-image-box-img\"><img decoding=\"async\" width=\"500\" height=\"231\" src=\"https:\/\/quimicosjade.com.mx\/wp-content\/uploads\/2025\/08\/IMG_5880-e1754339984366.jpeg\" class=\"attachment-full size-full wp-image-113\" alt=\"\" \/><\/figure><div class=\"elementor-image-box-content\"><h3 class=\"elementor-image-box-title\">Presentaciones en:<\/h3><p class=\"elementor-image-box-description\">19L, 200L y 1000L<\/p><\/div><\/div>\t\t\t\t<\/div>\n\t\t\t\t\t<\/div>\n\t\t\t\t<\/div>\n\t\t<div class=\"elementor-element elementor-element-aefe01c e-flex e-con-boxed e-con e-parent\" data-id=\"aefe01c\" data-element_type=\"container\">\n\t\t\t\t\t<div class=\"e-con-inner\">\n\t\t\t\t<div class=\"elementor-element elementor-element-32a9d94 elementor-widget elementor-widget-text-editor\" data-id=\"32a9d94\" data-element_type=\"widget\" data-widget_type=\"text-editor.default\">\n\t\t\t\t\t\t\t\t\t<p>Si requiere mas informacion sobre los productos no dude en <a href=\"http:\/\/quimicosjade.com.mx\/?page_id=15\">contactarnos<\/a>.<\/p>\t\t\t\t\t\t\t\t<\/div>\n\t\t\t\t\t<\/div>\n\t\t\t\t<\/div>\n\t\t\t\t<\/div>\n\t\t","protected":false},"excerpt":{"rendered":"<p>Preventivos de oxidaci\u00f3n Ofrecemos una linea completa de preventivos de oxidaci\u00f3n dise\u00f1ados para proteger piezas met\u00e1licas durante el almacenamiento, transporte [&hellip;]<\/p>\n","protected":false},"author":1,"featured_media":0,"parent":0,"menu_order":0,"comment_status":"closed","ping_status":"closed","template":"","meta":{"site-sidebar-layout":"no-sidebar","site-content-layout":"","ast-site-content-layout":"full-width-container","site-content-style":"default","site-sidebar-style":"default","ast-global-header-display":"","ast-banner-title-visibility":"","ast-main-header-display":"","ast-hfb-above-header-display":"","ast-hfb-below-header-display":"","ast-hfb-mobile-header-display":"","site-post-title":"disabled","ast-breadcrumbs-content":"","ast-featured-img":"disabled","footer-sml-layout":"","theme-transparent-header-meta":"","adv-header-id-meta":"","stick-header-meta":"","header-above-stick-meta":"","header-main-stick-meta":"","header-below-stick-meta":"","astra-migrate-meta-layouts":"default","ast-page-background-enabled":"default","ast-page-background-meta":{"desktop":{"background-color":"var(--ast-global-color-5)","background-image":"","background-repeat":"repeat","background-position":"center center","background-size":"auto","background-attachment":"scroll","background-type":"","background-media":"","overlay-type":"","overlay-color":"","overlay-opacity":"","overlay-gradient":""},"tablet":{"background-color":"","background-image":"","background-repeat":"repeat","background-position":"center center","background-size":"auto","background-attachment":"scroll","background-type":"","background-media":"","overlay-type":"","overlay-color":"","overlay-opacity":"","overlay-gradient":""},"mobile":{"background-color":"","background-image":"","background-repeat":"repeat","background-position":"center center","background-size":"auto","background-attachment":"scroll","background-type":"","background-media":"","overlay-type":"","overlay-color":"","overlay-opacity":"","overlay-gradient":""}},"ast-content-background-meta":{"desktop":{"background-color":"var(--ast-global-color-4)","background-image":"","background-repeat":"repeat","background-position":"center center","background-size":"auto","background-attachment":"scroll","background-type":"","background-media":"","overlay-type":"","overlay-color":"","overlay-opacity":"","overlay-gradient":""},"tablet":{"background-color":"var(--ast-global-color-4)","background-image":"","background-repeat":"repeat","background-position":"center center","background-size":"auto","background-attachment":"scroll","background-type":"","background-media":"","overlay-type":"","overlay-color":"","overlay-opacity":"","overlay-gradient":""},"mobile":{"background-color":"var(--ast-global-color-4)","background-image":"","background-repeat":"repeat","background-position":"center center","background-size":"auto","background-attachment":"scroll","background-type":"","background-media":"","overlay-type":"","overlay-color":"","overlay-opacity":"","overlay-gradient":""}},"footnotes":""},"class_list":["post-52","page","type-page","status-publish","hentry"],"_links":{"self":[{"href":"https:\/\/quimicosjade.com.mx\/index.php?rest_route=\/wp\/v2\/pages\/52","targetHints":{"allow":["GET"]}}],"collection":[{"href":"https:\/\/quimicosjade.com.mx\/index.php?rest_route=\/wp\/v2\/pages"}],"about":[{"href":"https:\/\/quimicosjade.com.mx\/index.php?rest_route=\/wp\/v2\/types\/page"}],"author":[{"embeddable":true,"href":"https:\/\/quimicosjade.com.mx\/index.php?rest_route=\/wp\/v2\/users\/1"}],"replies":[{"embeddable":true,"href":"https:\/\/quimicosjade.com.mx\/index.php?rest_route=%2Fwp%2Fv2%2Fcomments&post=52"}],"version-history":[{"count":7,"href":"https:\/\/quimicosjade.com.mx\/index.php?rest_route=\/wp\/v2\/pages\/52\/revisions"}],"predecessor-version":[{"id":230,"href":"https:\/\/quimicosjade.com.mx\/index.php?rest_route=\/wp\/v2\/pages\/52\/revisions\/230"}],"wp:attachment":[{"href":"https:\/\/quimicosjade.com.mx\/index.php?rest_route=%2Fwp%2Fv2%2Fmedia&parent=52"}],"curies":[{"name":"wp","href":"https:\/\/api.w.org\/{rel}","templated":true}]}}