{"id":48,"date":"2025-07-18T21:18:54","date_gmt":"2025-07-18T21:18:54","guid":{"rendered":"http:\/\/quimicosjade.com.mx\/?page_id=48"},"modified":"2025-08-29T16:48:15","modified_gmt":"2025-08-29T16:48:15","slug":"hidraulicos","status":"publish","type":"page","link":"https:\/\/quimicosjade.com.mx\/?page_id=48","title":{"rendered":"Hidr\u00e1ulicos"},"content":{"rendered":"\t\t<div data-elementor-type=\"wp-page\" data-elementor-id=\"48\" class=\"elementor elementor-48\">\n\t\t\t\t<div class=\"elementor-element elementor-element-208b1ce e-flex e-con-boxed e-con e-parent\" data-id=\"208b1ce\" data-element_type=\"container\">\n\t\t\t\t\t<div class=\"e-con-inner\">\n\t\t\t\t<div class=\"elementor-element elementor-element-5ef467b elementor-widget__width-initial elementor-widget elementor-widget-image\" data-id=\"5ef467b\" data-element_type=\"widget\" data-widget_type=\"image.default\">\n\t\t\t\t\t\t\t\t\t\t\t\t\t\t\t<img fetchpriority=\"high\" decoding=\"async\" width=\"1024\" height=\"683\" src=\"https:\/\/quimicosjade.com.mx\/wp-content\/uploads\/2025\/08\/F2ECF14A-DDC4-4199-B772-B4AE44DBBDD5-1024x683.png\" class=\"attachment-large size-large wp-image-151\" alt=\"\" srcset=\"https:\/\/quimicosjade.com.mx\/wp-content\/uploads\/2025\/08\/F2ECF14A-DDC4-4199-B772-B4AE44DBBDD5-1024x683.png 1024w, https:\/\/quimicosjade.com.mx\/wp-content\/uploads\/2025\/08\/F2ECF14A-DDC4-4199-B772-B4AE44DBBDD5-300x200.png 300w, https:\/\/quimicosjade.com.mx\/wp-content\/uploads\/2025\/08\/F2ECF14A-DDC4-4199-B772-B4AE44DBBDD5-768x512.png 768w, https:\/\/quimicosjade.com.mx\/wp-content\/uploads\/2025\/08\/F2ECF14A-DDC4-4199-B772-B4AE44DBBDD5.png 1536w\" sizes=\"(max-width: 1024px) 100vw, 1024px\" \/>\t\t\t\t\t\t\t\t\t\t\t\t\t\t\t<\/div>\n\t\t\t\t\t<\/div>\n\t\t\t\t<\/div>\n\t\t<div class=\"elementor-element elementor-element-431fc1a e-flex e-con-boxed e-con e-parent\" data-id=\"431fc1a\" data-element_type=\"container\">\n\t\t\t\t\t<div class=\"e-con-inner\">\n\t\t\t\t<div class=\"elementor-element elementor-element-0a095a4 elementor-widget elementor-widget-heading\" data-id=\"0a095a4\" data-element_type=\"widget\" data-widget_type=\"heading.default\">\n\t\t\t\t\t<h2 class=\"elementor-heading-title elementor-size-default\">Aceites Hidraulicos Industriales<\/h2>\t\t\t\t<\/div>\n\t\t\t\t\t<\/div>\n\t\t\t\t<\/div>\n\t\t<div class=\"elementor-element elementor-element-818e039 e-flex e-con-boxed e-con e-parent\" data-id=\"818e039\" data-element_type=\"container\">\n\t\t\t\t\t<div class=\"e-con-inner\">\n\t\t\t\t<div class=\"elementor-element elementor-element-3865496 elementor-widget elementor-widget-text-editor\" data-id=\"3865496\" data-element_type=\"widget\" data-widget_type=\"text-editor.default\">\n\t\t\t\t\t\t\t\t\t<p>Protecci\u00f3n y rendimiento para sistemas hidr\u00e1ulicos de alta presi\u00f3n<\/p><p>Formulados con bases minerales y aditivos anti-desgaste (AW), dise\u00f1ados para proteger bombas, v\u00e1lvulas y actuadores en sistemas hidr\u00e1ulicos que operan bajo condiciones exigentes.<\/p>\t\t\t\t\t\t\t\t<\/div>\n\t\t\t\t\t<\/div>\n\t\t\t\t<\/div>\n\t\t<div class=\"elementor-element elementor-element-1d42c9e e-flex e-con-boxed e-con e-parent\" data-id=\"1d42c9e\" data-element_type=\"container\">\n\t\t\t\t\t<div class=\"e-con-inner\">\n\t\t\t\t<div class=\"elementor-element elementor-element-418d23c elementor-widget elementor-widget-heading\" data-id=\"418d23c\" data-element_type=\"widget\" data-widget_type=\"heading.default\">\n\t\t\t\t\t<h2 class=\"elementor-heading-title elementor-size-default\">Usos<\/h2>\t\t\t\t<\/div>\n\t\t\t\t\t<\/div>\n\t\t\t\t<\/div>\n\t\t<div class=\"elementor-element elementor-element-7e89011 e-flex e-con-boxed e-con e-parent\" data-id=\"7e89011\" data-element_type=\"container\">\n\t\t\t\t\t<div class=\"e-con-inner\">\n\t\t\t\t<div class=\"elementor-element elementor-element-2fe4dd1 elementor-widget elementor-widget-text-editor\" data-id=\"2fe4dd1\" data-element_type=\"widget\" data-widget_type=\"text-editor.default\">\n\t\t\t\t\t\t\t\t\t<ul><li>Maquinaria CNC y centros de mecanizado<\/li><li>Prensas industriales<\/li><li>Equipos de inyecci\u00f3n y moldes<\/li><li>Montacargas, maquinaria pesada y sistemas m\u00f3viles<\/li><\/ul>\t\t\t\t\t\t\t\t<\/div>\n\t\t\t\t\t<\/div>\n\t\t\t\t<\/div>\n\t\t<div class=\"elementor-element elementor-element-44cade2 e-flex e-con-boxed e-con e-parent\" data-id=\"44cade2\" data-element_type=\"container\">\n\t\t\t\t\t<div class=\"e-con-inner\">\n\t\t\t\t<div class=\"elementor-element elementor-element-5927e86 elementor-widget elementor-widget-heading\" data-id=\"5927e86\" data-element_type=\"widget\" data-widget_type=\"heading.default\">\n\t\t\t\t\t<h2 class=\"elementor-heading-title elementor-size-default\">Pregunta por tu grado ISO<\/h2>\t\t\t\t<\/div>\n\t\t\t\t\t<\/div>\n\t\t\t\t<\/div>\n\t\t<div class=\"elementor-element elementor-element-19e01a0 e-flex e-con-boxed e-con e-parent\" data-id=\"19e01a0\" data-element_type=\"container\">\n\t\t\t\t\t<div class=\"e-con-inner\">\n\t\t\t\t<div class=\"elementor-element elementor-element-eb122f5 elementor-widget elementor-widget-text-editor\" data-id=\"eb122f5\" data-element_type=\"widget\" data-widget_type=\"text-editor.default\">\n\t\t\t\t\t\t\t\t\t<ul><li>ISO VG 32: Sistemas de alta velocidad y bajas temperaturas.<\/li><li>ISO VG 46: Aplicaciones est\u00e1ndar en maquinaria industrial.<\/li><li>ISO VG 68: Sistemas hidr\u00e1ulicos de trabajo pesado o ambientes de mayor temperatura.<\/li><\/ul>\t\t\t\t\t\t\t\t<\/div>\n\t\t\t\t\t<\/div>\n\t\t\t\t<\/div>\n\t\t<div class=\"elementor-element elementor-element-6f1d1f5 e-flex e-con-boxed e-con e-parent\" data-id=\"6f1d1f5\" data-element_type=\"container\">\n\t\t\t\t\t<div class=\"e-con-inner\">\n\t\t\t\t<div class=\"elementor-element elementor-element-a2463ce elementor-widget elementor-widget-text-editor\" data-id=\"a2463ce\" data-element_type=\"widget\" data-widget_type=\"text-editor.default\">\n\t\t\t\t\t\t\t\t\t<p><a href=\"http:\/\/quimicosjade.com.mx\/?page_id=15\">Contacta<\/a> a nuestro equipo para una cotizaci\u00f3n.<\/p>\t\t\t\t\t\t\t\t<\/div>\n\t\t\t\t\t<\/div>\n\t\t\t\t<\/div>\n\t\t\t\t<\/div>\n\t\t","protected":false},"excerpt":{"rendered":"<p>Aceites Hidraulicos Industriales Protecci\u00f3n y rendimiento para sistemas hidr\u00e1ulicos de alta presi\u00f3n Formulados con bases minerales y aditivos anti-desgaste (AW), [&hellip;]<\/p>\n","protected":false},"author":1,"featured_media":0,"parent":0,"menu_order":0,"comment_status":"closed","ping_status":"closed","template":"","meta":{"site-sidebar-layout":"no-sidebar","site-content-layout":"","ast-site-content-layout":"full-width-container","site-content-style":"default","site-sidebar-style":"default","ast-global-header-display":"","ast-banner-title-visibility":"","ast-main-header-display":"","ast-hfb-above-header-display":"","ast-hfb-below-header-display":"","ast-hfb-mobile-header-display":"","site-post-title":"disabled","ast-breadcrumbs-content":"","ast-featured-img":"disabled","footer-sml-layout":"","theme-transparent-header-meta":"","adv-header-id-meta":"","stick-header-meta":"","header-above-stick-meta":"","header-main-stick-meta":"","header-below-stick-meta":"","astra-migrate-meta-layouts":"default","ast-page-background-enabled":"default","ast-page-background-meta":{"desktop":{"background-color":"var(--ast-global-color-5)","background-image":"","background-repeat":"repeat","background-position":"center center","background-size":"auto","background-attachment":"scroll","background-type":"","background-media":"","overlay-type":"","overlay-color":"","overlay-opacity":"","overlay-gradient":""},"tablet":{"background-color":"","background-image":"","background-repeat":"repeat","background-position":"center center","background-size":"auto","background-attachment":"scroll","background-type":"","background-media":"","overlay-type":"","overlay-color":"","overlay-opacity":"","overlay-gradient":""},"mobile":{"background-color":"","background-image":"","background-repeat":"repeat","background-position":"center center","background-size":"auto","background-attachment":"scroll","background-type":"","background-media":"","overlay-type":"","overlay-color":"","overlay-opacity":"","overlay-gradient":""}},"ast-content-background-meta":{"desktop":{"background-color":"var(--ast-global-color-4)","background-image":"","background-repeat":"repeat","background-position":"center center","background-size":"auto","background-attachment":"scroll","background-type":"","background-media":"","overlay-type":"","overlay-color":"","overlay-opacity":"","overlay-gradient":""},"tablet":{"background-color":"var(--ast-global-color-4)","background-image":"","background-repeat":"repeat","background-position":"center center","background-size":"auto","background-attachment":"scroll","background-type":"","background-media":"","overlay-type":"","overlay-color":"","overlay-opacity":"","overlay-gradient":""},"mobile":{"background-color":"var(--ast-global-color-4)","background-image":"","background-repeat":"repeat","background-position":"center center","background-size":"auto","background-attachment":"scroll","background-type":"","background-media":"","overlay-type":"","overlay-color":"","overlay-opacity":"","overlay-gradient":""}},"footnotes":""},"class_list":["post-48","page","type-page","status-publish","hentry"],"_links":{"self":[{"href":"https:\/\/quimicosjade.com.mx\/index.php?rest_route=\/wp\/v2\/pages\/48","targetHints":{"allow":["GET"]}}],"collection":[{"href":"https:\/\/quimicosjade.com.mx\/index.php?rest_route=\/wp\/v2\/pages"}],"about":[{"href":"https:\/\/quimicosjade.com.mx\/index.php?rest_route=\/wp\/v2\/types\/page"}],"author":[{"embeddable":true,"href":"https:\/\/quimicosjade.com.mx\/index.php?rest_route=\/wp\/v2\/users\/1"}],"replies":[{"embeddable":true,"href":"https:\/\/quimicosjade.com.mx\/index.php?rest_route=%2Fwp%2Fv2%2Fcomments&post=48"}],"version-history":[{"count":7,"href":"https:\/\/quimicosjade.com.mx\/index.php?rest_route=\/wp\/v2\/pages\/48\/revisions"}],"predecessor-version":[{"id":201,"href":"https:\/\/quimicosjade.com.mx\/index.php?rest_route=\/wp\/v2\/pages\/48\/revisions\/201"}],"wp:attachment":[{"href":"https:\/\/quimicosjade.com.mx\/index.php?rest_route=%2Fwp%2Fv2%2Fmedia&parent=48"}],"curies":[{"name":"wp","href":"https:\/\/api.w.org\/{rel}","templated":true}]}}