{"id":46,"date":"2025-07-18T21:18:22","date_gmt":"2025-07-18T21:18:22","guid":{"rendered":"http:\/\/quimicosjade.com.mx\/?page_id=46"},"modified":"2025-08-05T14:57:27","modified_gmt":"2025-08-05T14:57:27","slug":"refrigerantes-para-rectificado","status":"publish","type":"page","link":"https:\/\/quimicosjade.com.mx\/?page_id=46","title":{"rendered":"Refrigerantes para Rectificado"},"content":{"rendered":"\t\t<div data-elementor-type=\"wp-page\" data-elementor-id=\"46\" class=\"elementor elementor-46\">\n\t\t\t\t<div class=\"elementor-element elementor-element-e0445de e-flex e-con-boxed e-con e-parent\" data-id=\"e0445de\" data-element_type=\"container\">\n\t\t\t\t\t<div class=\"e-con-inner\">\n\t\t\t\t<div class=\"elementor-element elementor-element-9137210 elementor-widget__width-initial elementor-widget elementor-widget-image\" data-id=\"9137210\" data-element_type=\"widget\" data-widget_type=\"image.default\">\n\t\t\t\t\t\t\t\t\t\t\t\t\t\t\t<img fetchpriority=\"high\" decoding=\"async\" width=\"300\" height=\"300\" src=\"https:\/\/quimicosjade.com.mx\/wp-content\/uploads\/2025\/08\/IMG_5884-e1754404494566.jpeg\" class=\"attachment-large size-large wp-image-138\" alt=\"\" \/>\t\t\t\t\t\t\t\t\t\t\t\t\t\t\t<\/div>\n\t\t\t\t\t<\/div>\n\t\t\t\t<\/div>\n\t\t<div class=\"elementor-element elementor-element-48a1934 e-flex e-con-boxed e-con e-parent\" data-id=\"48a1934\" data-element_type=\"container\">\n\t\t\t\t\t<div class=\"e-con-inner\">\n\t\t\t\t<div class=\"elementor-element elementor-element-a95f0ab elementor-widget elementor-widget-text-editor\" data-id=\"a95f0ab\" data-element_type=\"widget\" data-widget_type=\"text-editor.default\">\n\t\t\t\t\t\t\t\t\t<p>Soluciones avanzadas para refrigeraci\u00f3n y protecci\u00f3n en operaciones de rectificado.<\/p><p>En Productos Qu\u00edmicos Jade ofrecemos refrigerantes y lubricantes especializados para rectificado, dise\u00f1ados para mantener la estabilidad t\u00e9rmica, prolongar la vida \u00fatil de las muelas abrasivas y mejorar la calidad superficial de las piezas.<\/p><p>El rectificado es un proceso cr\u00edtico en la fabricaci\u00f3n de componentes de precisi\u00f3n, donde el control de temperatura y la evaluaci\u00f3n eficiente de part\u00edculas son esenciales. Nuestros productos proporcionan una lubricaci\u00f3n efectiva y una refrigeraci\u00f3n optima, reduciendo el riesgo de quemaduras, deformaciones y defectos.<\/p>\t\t\t\t\t\t\t\t<\/div>\n\t\t\t\t\t<\/div>\n\t\t\t\t<\/div>\n\t\t<div class=\"elementor-element elementor-element-105165e e-flex e-con-boxed e-con e-parent\" data-id=\"105165e\" data-element_type=\"container\">\n\t\t\t\t\t<div class=\"e-con-inner\">\n\t\t\t\t<div class=\"elementor-element elementor-element-646b2db elementor-widget elementor-widget-heading\" data-id=\"646b2db\" data-element_type=\"widget\" data-widget_type=\"heading.default\">\n\t\t\t\t\t<h2 class=\"elementor-heading-title elementor-size-default\">Beneficios<\/h2>\t\t\t\t<\/div>\n\t\t\t\t\t<\/div>\n\t\t\t\t<\/div>\n\t\t<div class=\"elementor-element elementor-element-6096d22 e-flex e-con-boxed e-con e-parent\" data-id=\"6096d22\" data-element_type=\"container\">\n\t\t\t\t\t<div class=\"e-con-inner\">\n\t\t\t\t<div class=\"elementor-element elementor-element-7f21e4f elementor-widget elementor-widget-text-editor\" data-id=\"7f21e4f\" data-element_type=\"widget\" data-widget_type=\"text-editor.default\">\n\t\t\t\t\t\t\t\t\t<ul><li>Control de temperatura: Evita el sobrecalentamiento y las quemaduras en la pieza.<\/li><li>Mayor vida \u00fatil de las muelas: Reduce el desgaste abrasivo.<\/li><li>Acabado de alta calidad: Mejora la superficie final, minimizando marcas y micro fisuras.<\/li><li>Excelente evacuaci\u00f3n de part\u00edculas: Mantiene limpia la zona de contacto para mayor precisi\u00f3n.<\/li><li>Protecci\u00f3n anti corrosiva: Evita la oxidaci\u00f3n de piezas y maquinaria durante el proceso.<\/li><\/ul>\t\t\t\t\t\t\t\t<\/div>\n\t\t\t\t\t<\/div>\n\t\t\t\t<\/div>\n\t\t<div class=\"elementor-element elementor-element-30297a5 e-flex e-con-boxed e-con e-parent\" data-id=\"30297a5\" data-element_type=\"container\">\n\t\t\t\t\t<div class=\"e-con-inner\">\n\t\t\t\t<div class=\"elementor-element elementor-element-4361841 elementor-widget elementor-widget-text-editor\" data-id=\"4361841\" data-element_type=\"widget\" data-widget_type=\"text-editor.default\">\n\t\t\t\t\t\t\t\t\t<p>Si requiere mas informaci\u00f3n, no dude en <a href=\"http:\/\/quimicosjade.com.mx\/?page_id=15\">contactar<\/a> a nuestro equipo para sus dudas.<\/p>\t\t\t\t\t\t\t\t<\/div>\n\t\t\t\t\t<\/div>\n\t\t\t\t<\/div>\n\t\t\t\t<\/div>\n\t\t","protected":false},"excerpt":{"rendered":"<p>Soluciones avanzadas para refrigeraci\u00f3n y protecci\u00f3n en operaciones de rectificado. En Productos Qu\u00edmicos Jade ofrecemos refrigerantes y lubricantes especializados para [&hellip;]<\/p>\n","protected":false},"author":1,"featured_media":0,"parent":0,"menu_order":0,"comment_status":"closed","ping_status":"closed","template":"","meta":{"site-sidebar-layout":"no-sidebar","site-content-layout":"","ast-site-content-layout":"full-width-container","site-content-style":"default","site-sidebar-style":"default","ast-global-header-display":"","ast-banner-title-visibility":"","ast-main-header-display":"","ast-hfb-above-header-display":"","ast-hfb-below-header-display":"","ast-hfb-mobile-header-display":"","site-post-title":"disabled","ast-breadcrumbs-content":"","ast-featured-img":"disabled","footer-sml-layout":"","theme-transparent-header-meta":"","adv-header-id-meta":"","stick-header-meta":"","header-above-stick-meta":"","header-main-stick-meta":"","header-below-stick-meta":"","astra-migrate-meta-layouts":"default","ast-page-background-enabled":"default","ast-page-background-meta":{"desktop":{"background-color":"var(--ast-global-color-5)","background-image":"","background-repeat":"repeat","background-position":"center center","background-size":"auto","background-attachment":"scroll","background-type":"","background-media":"","overlay-type":"","overlay-color":"","overlay-opacity":"","overlay-gradient":""},"tablet":{"background-color":"","background-image":"","background-repeat":"repeat","background-position":"center center","background-size":"auto","background-attachment":"scroll","background-type":"","background-media":"","overlay-type":"","overlay-color":"","overlay-opacity":"","overlay-gradient":""},"mobile":{"background-color":"","background-image":"","background-repeat":"repeat","background-position":"center center","background-size":"auto","background-attachment":"scroll","background-type":"","background-media":"","overlay-type":"","overlay-color":"","overlay-opacity":"","overlay-gradient":""}},"ast-content-background-meta":{"desktop":{"background-color":"var(--ast-global-color-4)","background-image":"","background-repeat":"repeat","background-position":"center center","background-size":"auto","background-attachment":"scroll","background-type":"","background-media":"","overlay-type":"","overlay-color":"","overlay-opacity":"","overlay-gradient":""},"tablet":{"background-color":"var(--ast-global-color-4)","background-image":"","background-repeat":"repeat","background-position":"center center","background-size":"auto","background-attachment":"scroll","background-type":"","background-media":"","overlay-type":"","overlay-color":"","overlay-opacity":"","overlay-gradient":""},"mobile":{"background-color":"var(--ast-global-color-4)","background-image":"","background-repeat":"repeat","background-position":"center center","background-size":"auto","background-attachment":"scroll","background-type":"","background-media":"","overlay-type":"","overlay-color":"","overlay-opacity":"","overlay-gradient":""}},"footnotes":""},"class_list":["post-46","page","type-page","status-publish","hentry"],"_links":{"self":[{"href":"https:\/\/quimicosjade.com.mx\/index.php?rest_route=\/wp\/v2\/pages\/46","targetHints":{"allow":["GET"]}}],"collection":[{"href":"https:\/\/quimicosjade.com.mx\/index.php?rest_route=\/wp\/v2\/pages"}],"about":[{"href":"https:\/\/quimicosjade.com.mx\/index.php?rest_route=\/wp\/v2\/types\/page"}],"author":[{"embeddable":true,"href":"https:\/\/quimicosjade.com.mx\/index.php?rest_route=\/wp\/v2\/users\/1"}],"replies":[{"embeddable":true,"href":"https:\/\/quimicosjade.com.mx\/index.php?rest_route=%2Fwp%2Fv2%2Fcomments&post=46"}],"version-history":[{"count":4,"href":"https:\/\/quimicosjade.com.mx\/index.php?rest_route=\/wp\/v2\/pages\/46\/revisions"}],"predecessor-version":[{"id":142,"href":"https:\/\/quimicosjade.com.mx\/index.php?rest_route=\/wp\/v2\/pages\/46\/revisions\/142"}],"wp:attachment":[{"href":"https:\/\/quimicosjade.com.mx\/index.php?rest_route=%2Fwp%2Fv2%2Fmedia&parent=46"}],"curies":[{"name":"wp","href":"https:\/\/api.w.org\/{rel}","templated":true}]}}